{"id":25,"date":"2026-01-08T09:55:57","date_gmt":"2026-01-08T08:55:57","guid":{"rendered":"https:\/\/aiesencjalista.pl\/?page_id=25"},"modified":"2026-01-08T15:16:56","modified_gmt":"2026-01-08T14:16:56","slug":"kontakt","status":"publish","type":"page","link":"https:\/\/aiesencjalista.pl\/?page_id=25","title":{"rendered":"Kontakt"},"content":{"rendered":"\n<!DOCTYPE html>\n<html lang=\"pl\">\n<head>\n    <meta charset=\"UTF-8\">\n    <meta name=\"viewport\" content=\"width=device-width, initial-scale=1.0\">\n    <title>Kontakt<\/title>\n    <link rel=\"preconnect\" href=\"https:\/\/fonts.googleapis.com\">\n    <link rel=\"preconnect\" href=\"https:\/\/fonts.gstatic.com\" crossorigin>\n    <link href=\"https:\/\/fonts.googleapis.com\/css2?family=Poppins:wght@300;400;500;600;700&#038;display=swap\" rel=\"stylesheet\">\n    <style>\n        :root {\n            --bg: #f3f6f1;\n            --bg-2: #eef3ed;\n            --text: #1f2937;\n            --muted: #6b7280;\n            --accent: #1f6a3a;\n            --border: #d9e3d8;\n            --shadow: 0 22px 44px -28px rgba(15, 23, 42, 0.35);\n            --radius-lg: 20px;\n        }\n        * { box-sizing: border-box; margin: 0; padding: 0; }\n        body {\n            font-family: \"Poppins\", sans-serif;\n            color: var(--text);\n            background: linear-gradient(180deg, var(--bg) 0%, var(--bg-2) 100%);\n        }\n        .container { max-width: 720px; margin: 0 auto; padding: 56px 24px; }\n        h1 { font-size: 2rem; margin-bottom: 8px; }\n        p { color: var(--muted); margin-bottom: 20px; }\n        .card {\n            background: #ffffff;\n            border: 1px solid var(--border);\n            border-radius: var(--radius-lg);\n            padding: 24px;\n            box-shadow: var(--shadow);\n        }\n        label { display: block; font-weight: 600; margin: 12px 0 6px; }\n        input, textarea {\n            width: 100%;\n            border: 1px solid var(--border);\n            border-radius: 10px;\n            padding: 12px 14px;\n            font-size: 1rem;\n            font-family: \"Poppins\", sans-serif;\n        }\n        textarea { resize: vertical; }\n        button {\n            margin-top: 16px;\n            background: var(--accent);\n            color: #ffffff;\n            border: none;\n            border-radius: 999px;\n            padding: 10px 18px;\n            font-weight: 600;\n            cursor: pointer;\n        }\n    <\/style>\n<\/head>\n<body>\n    <main class=\"container\">\n        <h1>Kontakt<\/h1>\n        <p>Napisz kilka s\u0142\u00f3w. Odpowiemy mo\u017cliwie szybko.<\/p>\n        <h2>Formularz kontaktowy<\/h2>\n        <form class=\"card\" action=\"https:\/\/formspree.io\/f\/mqeaezpq\" method=\"POST\">\n            <label for=\"name\">Imi\u0119<\/label>\n            <input id=\"name\" name=\"name\" type=\"text\" placeholder=\"Wpisz imi\u0119\" required>\n\n            <label for=\"email\">E-mail<\/label>\n            <input id=\"email\" name=\"email\" type=\"email\" placeholder=\"Wpisz e-mail\" required>\n\n            <label for=\"subject\">Tytu\u0142 wiadomo\u015bci<\/label>\n            <input id=\"subject\" name=\"subject\" type=\"text\" placeholder=\"Wpisz tytu\u0142\" required>\n\n            <label for=\"message\">Wiadomo\u015b\u0107<\/label>\n            <textarea id=\"message\" name=\"message\" rows=\"5\" placeholder=\"Napisz, w czym mo\u017cemy pom\u00f3c\" required><\/textarea>\n\n            <button type=\"submit\">Wy\u015blij<\/button>\n        <\/form>\n    <\/main>\n<\/body>\n<\/html>\n\n\n\n\n<p><\/p>\n","protected":false},"excerpt":{"rendered":"<p>Kontakt Kontakt Napisz kilka s\u0142\u00f3w. Odpowiemy mo\u017cliwie szybko. Formularz kontaktowy Imi\u0119 E-mail Tytu\u0142 wiadomo\u015bci Wiadomo\u015b\u0107 Wy\u015blij<\/p>\n","protected":false},"author":1,"featured_media":0,"parent":0,"menu_order":0,"comment_status":"closed","ping_status":"closed","template":"","meta":{"footnotes":""},"class_list":["post-25","page","type-page","status-publish","hentry"],"mb":[],"mfb_rest_fields":["title"],"_links":{"self":[{"href":"https:\/\/aiesencjalista.pl\/index.php?rest_route=\/wp\/v2\/pages\/25","targetHints":{"allow":["GET"]}}],"collection":[{"href":"https:\/\/aiesencjalista.pl\/index.php?rest_route=\/wp\/v2\/pages"}],"about":[{"href":"https:\/\/aiesencjalista.pl\/index.php?rest_route=\/wp\/v2\/types\/page"}],"author":[{"embeddable":true,"href":"https:\/\/aiesencjalista.pl\/index.php?rest_route=\/wp\/v2\/users\/1"}],"replies":[{"embeddable":true,"href":"https:\/\/aiesencjalista.pl\/index.php?rest_route=%2Fwp%2Fv2%2Fcomments&post=25"}],"version-history":[{"count":2,"href":"https:\/\/aiesencjalista.pl\/index.php?rest_route=\/wp\/v2\/pages\/25\/revisions"}],"predecessor-version":[{"id":118,"href":"https:\/\/aiesencjalista.pl\/index.php?rest_route=\/wp\/v2\/pages\/25\/revisions\/118"}],"wp:attachment":[{"href":"https:\/\/aiesencjalista.pl\/index.php?rest_route=%2Fwp%2Fv2%2Fmedia&parent=25"}],"curies":[{"name":"wp","href":"https:\/\/api.w.org\/{rel}","templated":true}]}}