{"id":22,"date":"2026-01-08T09:36:37","date_gmt":"2026-01-08T08:36:37","guid":{"rendered":"https:\/\/aiesencjalista.pl\/?page_id=22"},"modified":"2026-01-08T15:15:42","modified_gmt":"2026-01-08T14:15:42","slug":"regulamin","status":"publish","type":"page","link":"https:\/\/aiesencjalista.pl\/?page_id=22","title":{"rendered":"Regulamin"},"content":{"rendered":"\n<!DOCTYPE html>\n<html lang=\"pl\">\n<head>\n    <meta charset=\"UTF-8\">\n    <meta name=\"viewport\" content=\"width=device-width, initial-scale=1.0\">\n    <title>Regulamin<\/title>\n    <link rel=\"preconnect\" href=\"https:\/\/fonts.googleapis.com\">\n    <link rel=\"preconnect\" href=\"https:\/\/fonts.gstatic.com\" crossorigin>\n    <link href=\"https:\/\/fonts.googleapis.com\/css2?family=Poppins:wght@300;400;500;600;700&#038;display=swap\" rel=\"stylesheet\">\n    <style>\n        :root {\n            --bg: #f3f6f1;\n            --bg-2: #eef3ed;\n            --text: #1f2937;\n            --muted: #6b7280;\n            --accent: #1f6a3a;\n            --border: #d9e3d8;\n        }\n        * { box-sizing: border-box; margin: 0; padding: 0; }\n        body {\n            font-family: \"Poppins\", sans-serif;\n            color: var(--text);\n            line-height: 1.7;\n            background: linear-gradient(180deg, var(--bg) 0%, var(--bg-2) 100%);\n        }\n        .container { max-width: 920px; margin: 0 auto; padding: 48px 24px; }\n        h1 { font-size: 2rem; margin-bottom: 12px; }\n        h2 { font-size: 1.2rem; margin-top: 24px; margin-bottom: 8px; }\n        p { color: var(--muted); margin-bottom: 12px; }\n        ul { margin-left: 18px; color: var(--muted); }\n        li { margin-bottom: 6px; }\n        .panel {\n            background: #ffffff;\n            border: 1px solid var(--border);\n            border-radius: 12px;\n            padding: 20px;\n            margin-top: 12px;\n        }\n        a { color: var(--accent); text-decoration: underline; }\n        .note { font-size: 0.95rem; }\n    <\/style>\n<\/head>\n<body>\n    <main class=\"container\">\n        <h1>Regulamin<\/h1>\n        <p class=\"note\">Regulamin okre\u015bla zasady zakupu dost\u0119pu do asystent\u00f3w AI.<\/p>\n\n        <div class=\"panel\">\n            <h2>I. POSTANOWIENIA OG\u00d3LNE<\/h2>\n\n            <p><strong>\u00a71.<\/strong> Niniejszy Regulamin okre\u015bla zasady zwi\u0105zane ze \u015bwiadczeniem us\u0142ug w zakresie sprzeda\u017cy produkt\u00f3w cyfrowych, w szczeg\u00f3lno\u015bci dost\u0119pu do asystent\u00f3w AI, przygotowanych przez Adam Imielski, Ciechan\u00f3w 06\u2011400, ul. \u015bw. Franciszka 30.<\/p>\n\n            <p><strong>\u00a72.<\/strong><\/p>\n            <p>1. W niniejszym Regulaminie wprowadza si\u0119 nast\u0119puj\u0105ce definicje:<\/p>\n            <ul>\n                <li><strong>KLIENT<\/strong> \u2013 (1) osoba fizyczna posiadaj\u0105ca pe\u0142n\u0105 zdolno\u015b\u0107 do czynno\u015bci prawnych, a w wypadkach przewidzianych przez przepisy powszechnie obowi\u0105zuj\u0105ce tak\u017ce osoba fizyczna posiadaj\u0105ca ograniczon\u0105 zdolno\u015b\u0107 do czynno\u015bci prawnych, kt\u00f3ra zawar\u0142a lub zamierza zawrze\u0107 Umow\u0119 Sprzeda\u017cy ze Sprzedawc\u0105; (2) osoba prawna; (3) jednostka organizacyjna, kt\u00f3rej ustawa przyznaje zdolno\u015b\u0107 prawn\u0105.<\/li>\n                <li><strong>KODEKS CYWILNY<\/strong> \u2013 ustawa z dnia 23 kwietnia 1964 r. Kodeks cywilny (Dz.U. z 2023 r., poz. 1610 z p\u00f3\u017an. zm.).<\/li>\n                <li><strong>REGULAMIN<\/strong> \u2013 niniejszy regulamin.<\/li>\n                <li><strong>SPRZEDAWCA<\/strong> \u2013 Adam Imielski, aiesencjalista@gmail.com.<\/li>\n                <li><strong>SERWIS<\/strong> \u2013 strona internetowa umieszczona pod adresem: adamimielski.elms.pl\/.<\/li>\n                <li><strong>US\u0141UGI<\/strong> \u2013 dost\u0119p do asystent\u00f3w AI oferowany przez Serwis.<\/li>\n            <\/ul>\n\n            <p><strong>\u00a73.<\/strong><\/p>\n            <p>1. Niniejszy Regulamin normuje zasady i warunki zwi\u0105zane z nabywaniem us\u0142ug oferowanych w Serwisie.<\/p>\n            <p>2. Korzystanie z Serwisu jest jednoznaczne z akceptacj\u0105 niniejszego Regulaminu.<\/p>\n\n            <h2>II. WARUNKI KORZYSTANIA Z SERWISU<\/h2>\n            <p><strong>\u00a74.<\/strong><\/p>\n            <p>1. Techniczne warunki korzystania z Serwisu maj\u0105 znaczenie dla prawid\u0142owo\u015bci jego funkcjonowania, wygl\u0105du w przegl\u0105darce internetowej stosowanej przez Klienta, a tak\u017ce dla bezpiecze\u0144stwa przesy\u0142anych danych.<\/p>\n            <p>2. W celu prawid\u0142owego korzystania z Serwisu wymagane jest:<\/p>\n            <ul>\n                <li>posiadanie dost\u0119pu do sieci (po\u0142\u0105czenie z Internetem),<\/li>\n                <li>korzystanie z przegl\u0105darki internetowej (Chrome, Firefox, Opera, Safari, Edge lub Internet Explorer),<\/li>\n                <li>obs\u0142ugiwanie plik\u00f3w cookie w przegl\u0105darce.<\/li>\n            <\/ul>\n\n            <h2>III. OFERTA<\/h2>\n            <p><strong>\u00a75.<\/strong><\/p>\n            <p>1. W ramach Serwisu ofertowany jest dost\u0119p do asystent\u00f3w AI (produkt cyfrowy).<\/p>\n            <p>2. O ile bezwzgl\u0119dnie obowi\u0105zuj\u0105ce przepisy prawa nie stanowi\u0105 inaczej, w \u017cadnym wypadku Sprzedawca nie ponosi odpowiedzialno\u015bci za jakiekolwiek szkody na osobie lub na mieniu, w tym utracone korzy\u015bci, szkody po\u015brednie lub wt\u00f3rne wynikaj\u0105ce z korzystania z Us\u0142ugi.<\/p>\n            <p>3. Sprzedawca dok\u0142ada nale\u017cytych stara\u0144, aby Klient zrealizowa\u0142 swoje cele oraz za\u0142o\u017cenia zwi\u0105zane z Us\u0142ug\u0105, jednak wielo\u015b\u0107 czynnik\u00f3w maj\u0105cych wp\u0142yw na efekty stosowania Us\u0142ugi nie daje gwarancji rezultat\u00f3w.<\/p>\n            <p>4. Efekty korzystania z Us\u0142ug mog\u0105 r\u00f3\u017cni\u0107 si\u0119 u ka\u017cdego Klienta.<\/p>\n\n            <h2>IV. FORMA P\u0141ATNO\u015aCI<\/h2>\n            <p><strong>\u00a76.<\/strong><\/p>\n            <p>1. Sprzedawca umo\u017cliwia skorzystanie z r\u00f3\u017cnych sposob\u00f3w p\u0142atno\u015bci za zakup przedmiotu. Aktualnie p\u0142atno\u015bci obs\u0142uguje HotPay, a lista dost\u0119pnych metod p\u0142atno\u015bci jest udost\u0119pniana w Serwisie.<\/p>\n            <p>2. Potwierdzenie p\u0142atno\u015bci przekazywane jest Klientowi drog\u0105 elektroniczn\u0105.<\/p>\n            <p>3. Realizacja przedmiotu umowy nast\u0119puje niezw\u0142ocznie po jego zakupie. Dost\u0119p przekazywany jest Klientowi w wiadomo\u015bci e\u2011mail zawieraj\u0105cej link do materia\u0142\u00f3w.<\/p>\n\n            <h2>V. P\u0141ATNO\u015aCI CYKLICZNE<\/h2>\n            <p>1. Sprzedawca mo\u017ce przewidzie\u0107, \u017ce dost\u0119p do cz\u0119\u015bci Us\u0142ug b\u0119dzie p\u0142atny w p\u0142atno\u015bciach cyklicznych w miesi\u0119cznych odst\u0119pach.<\/p>\n            <p>2. Zakup Us\u0142ugi i op\u0142acenie jej p\u0142atno\u015bci\u0105 cykliczn\u0105 jest r\u00f3wnoznaczny z wyra\u017ceniem zgody na obci\u0105\u017cenie karty Klienta przez p\u0142atno\u015bci cykliczne.<\/p>\n            <p>3. Zgoda na p\u0142atno\u015bci cykliczne mo\u017ce by\u0107 odwo\u0142ana w ka\u017cdym czasie i na ka\u017cde \u017c\u0105danie Klienta. Szczeg\u00f3\u0142y rezygnacji s\u0105 opisane w Serwisie.<\/p>\n\n            <h2>VI. ODST\u0104PIENIE OD UMOWY<\/h2>\n            <p><strong>\u00a77.<\/strong><\/p>\n            <p>1. Klient ma prawo do odst\u0105pienia od umowy w terminie 14 (czternastu) dni od dnia jej zawarcia, bez podania przyczyny, zgodnie z obowi\u0105zuj\u0105cymi przepisami.<\/p>\n            <p>2. W przypadku tre\u015bci cyfrowych prawo odst\u0105pienia mo\u017ce nie przys\u0142ugiwa\u0107, je\u017celi spe\u0142nianie \u015bwiadczenia rozpocz\u0119\u0142o si\u0119 za wyra\u017an\u0105 zgod\u0105 Klienta i po poinformowaniu go o utracie prawa odst\u0105pienia.<\/p>\n            <p>3. Dodatkowo Sprzedawca oferuje zwrot w ci\u0105gu 30 dni, je\u017celi Klient nie widzi efekt\u00f3w \u2013 na zasadach opisanych w Serwisie.<\/p>\n            <p>4. O\u015bwiadczenie o odst\u0105pieniu mo\u017ce zosta\u0107 z\u0142o\u017cone w dowolnej formie. Adres e\u2011mail do kontaktu: aiesencjalista@gmail.com.<\/p>\n\n            <h2>VII. REKLAMACJE<\/h2>\n            <p><strong>\u00a78.<\/strong><\/p>\n            <p>1. Reklamacje mog\u0105 by\u0107 zg\u0142aszane za po\u015brednictwem adresu e\u2011mail: aiesencjalista@gmail.com.<\/p>\n            <p>2. Zg\u0142oszenie reklamacyjne powinno zawiera\u0107 co najmniej: oznaczenie Klienta, wskazanie okoliczno\u015bci b\u0119d\u0105cych podstaw\u0105 reklamacji oraz wskazanie oczekiwanego sposobu za\u0142atwienia sprawy.<\/p>\n            <p>3. Sprzedawca rozpatruje reklamacj\u0119 w terminie do 14 (czternastu) dni od dnia dor\u0119czenia zg\u0142oszenia reklamacyjnego.<\/p>\n\n            <h2>VIII. POZAS\u0104DOWE SPOSOBY ROZPATRYWANIA REKLAMACJI I DOCHODZENIA ROSZCZE\u0143<\/h2>\n            <p><strong>\u00a79.<\/strong><\/p>\n            <p>1. Szczeg\u00f3\u0142owe informacje dotycz\u0105ce mo\u017cliwo\u015bci skorzystania przez Klienta b\u0119d\u0105cego konsumentem z pozas\u0105dowych sposob\u00f3w rozpatrywania reklamacji i dochodzenia roszcze\u0144 dost\u0119pne s\u0105 m.in. na stronie UOKiK: <a href=\"http:\/\/www.uokik.gov.pl\/spory_konsumenckie.php\">www.uokik.gov.pl\/spory_konsumenckie.php<\/a>.<\/p>\n            <p>2. Pod adresem <a href=\"http:\/\/ec.europa.eu\/consumers\/odr\">http:\/\/ec.europa.eu\/consumers\/odr<\/a> dost\u0119pna jest platforma ODR.<\/p>\n\n            <h2>IX. PRAWO W\u0141A\u015aCIWE<\/h2>\n            <p><strong>\u00a710.<\/strong><\/p>\n            <p>1. Umowa \u0142\u0105cz\u0105ca Sprzedawc\u0119 i Klienta podlega przepisom prawa polskiego i zgodnie z nimi b\u0119dzie interpretowana.<\/p>\n            <p>2. S\u0105dami w\u0142a\u015bciwymi s\u0105 s\u0105dy polskie, o ile bezwzgl\u0119dnie obowi\u0105zuj\u0105ce przepisy nie stanowi\u0105 inaczej.<\/p>\n\n            <h2>X. POSTANOWIENIA KO\u0143COWE<\/h2>\n            <p><strong>\u00a711.<\/strong><\/p>\n            <p>1. Zmiany Regulaminu b\u0119d\u0105 publikowane w Serwisie.<\/p>\n            <p>2. Zmiany Regulaminu wchodz\u0105 w \u017cycie w terminie ka\u017cdorazowo wskazanym przez Sprzedawc\u0119, jednak nie kr\u00f3tszym ni\u017c 14 dni od dnia opublikowania informacji o zmianach.<\/p>\n\n            <p><strong>\u00a712.<\/strong><\/p>\n            <p>1. Aktualna wersja Regulaminu publikowana jest na stronie internetowej Sprzedawcy.<\/p>\n            <p>2. Postanowienia niniejszego Regulaminu obowi\u0105zuj\u0105 od dnia opublikowania Regulaminu.<\/p>\n        <\/div>\n    <\/main>\n<\/body>\n<\/html>\n\n","protected":false},"excerpt":{"rendered":"<p>Regulamin Regulamin Regulamin okre\u015bla zasady zakupu dost\u0119pu do asystent\u00f3w AI. I. POSTANOWIENIA OG\u00d3LNE \u00a71. Niniejszy Regulamin okre\u015bla zasady zwi\u0105zane ze \u015bwiadczeniem us\u0142ug w zakresie sprzeda\u017cy produkt\u00f3w cyfrowych, w szczeg\u00f3lno\u015bci dost\u0119pu do asystent\u00f3w AI, przygotowanych przez Adam Imielski, Ciechan\u00f3w 06\u2011400, ul. \u015bw. Franciszka 30. \u00a72. 1. W niniejszym Regulaminie wprowadza si\u0119 nast\u0119puj\u0105ce definicje: KLIENT \u2013 (1) [&hellip;]<\/p>\n","protected":false},"author":1,"featured_media":0,"parent":0,"menu_order":0,"comment_status":"closed","ping_status":"closed","template":"","meta":{"footnotes":""},"class_list":["post-22","page","type-page","status-publish","hentry"],"mb":[],"mfb_rest_fields":["title"],"_links":{"self":[{"href":"https:\/\/aiesencjalista.pl\/index.php?rest_route=\/wp\/v2\/pages\/22","targetHints":{"allow":["GET"]}}],"collection":[{"href":"https:\/\/aiesencjalista.pl\/index.php?rest_route=\/wp\/v2\/pages"}],"about":[{"href":"https:\/\/aiesencjalista.pl\/index.php?rest_route=\/wp\/v2\/types\/page"}],"author":[{"embeddable":true,"href":"https:\/\/aiesencjalista.pl\/index.php?rest_route=\/wp\/v2\/users\/1"}],"replies":[{"embeddable":true,"href":"https:\/\/aiesencjalista.pl\/index.php?rest_route=%2Fwp%2Fv2%2Fcomments&post=22"}],"version-history":[{"count":2,"href":"https:\/\/aiesencjalista.pl\/index.php?rest_route=\/wp\/v2\/pages\/22\/revisions"}],"predecessor-version":[{"id":116,"href":"https:\/\/aiesencjalista.pl\/index.php?rest_route=\/wp\/v2\/pages\/22\/revisions\/116"}],"wp:attachment":[{"href":"https:\/\/aiesencjalista.pl\/index.php?rest_route=%2Fwp%2Fv2%2Fmedia&parent=22"}],"curies":[{"name":"wp","href":"https:\/\/api.w.org\/{rel}","templated":true}]}}