{"id":111,"date":"2026-01-08T15:03:11","date_gmt":"2026-01-08T14:03:11","guid":{"rendered":"https:\/\/aiesencjalista.pl\/?page_id=111"},"modified":"2026-01-08T15:18:24","modified_gmt":"2026-01-08T14:18:24","slug":"podziekowanie","status":"publish","type":"page","link":"https:\/\/aiesencjalista.pl\/?page_id=111","title":{"rendered":"Podzi\u0119kowanie"},"content":{"rendered":"\n<div class=\"ae-thanks\" lang=\"pl\">\n    <style>\n        .ae-thanks {\n            --bg: #ffffff;\n            --text: #1f2937;\n            --muted: #6b7280;\n            --accent: #1f6a3a;\n            --border: #d9e3d8;\n            --shadow: 0 24px 48px -30px rgba(15, 23, 42, 0.35);\n            --radius: 18px;\n            color: var(--text);\n            background: var(--bg);\n            line-height: 1.6;\n        }\n        .ae-thanks * { box-sizing: border-box; margin: 0; padding: 0; }\n        .ae-thanks .container { max-width: 780px; margin: 0 auto; padding: 72px 24px; }\n        .ae-thanks .card {\n            background: #ffffff;\n            border: 1px solid var(--border);\n            border-radius: var(--radius);\n            padding: 32px;\n            box-shadow: var(--shadow);\n            text-align: center;\n        }\n        .ae-thanks .badge {\n            display: inline-flex;\n            align-items: center;\n            gap: 8px;\n            color: var(--accent);\n            font-size: 0.82rem;\n            letter-spacing: 0.18em;\n            text-transform: uppercase;\n            margin-bottom: 10px;\n        }\n        .ae-thanks h1 { font-size: 2.1rem; margin-bottom: 10px; }\n        .ae-thanks p { color: var(--muted); margin-bottom: 16px; }\n        .ae-thanks .steps {\n            display: grid;\n            gap: 10px;\n            text-align: left;\n            margin: 18px auto 0;\n            max-width: 520px;\n        }\n        .ae-thanks .steps li {\n            list-style: disc;\n            margin-left: 18px;\n            color: var(--muted);\n        }\n        .ae-thanks .btn {\n            display: inline-flex;\n            align-items: center;\n            justify-content: center;\n            padding: 0.85rem 1.8rem;\n            border-radius: 999px;\n            font-weight: 600;\n            background: var(--accent);\n            color: #ffffff;\n            text-decoration: none;\n            box-shadow: var(--shadow);\n            margin-top: 16px;\n        }\n    <\/style>\n    <main class=\"container\">\n        <div class=\"card\">\n            <div class=\"badge\">Dzi\u0119kujemy<\/div>\n            <h1>Dzi\u0119kujemy za zakup<\/h1>\n            <p>Je\u015bli p\u0142atno\u015b\u0107 zosta\u0142a zako\u0144czona poprawnie, otrzymasz potwierdzenie i dost\u0119p na e-mail.<\/p>\n            <p>Je\u015bli p\u0142atno\u015b\u0107 si\u0119 nie powiod\u0142a, spr\u00f3buj ponownie.<\/p>\n            <a class=\"btn\" href=\"https:\/\/aiesencjalista.pl\/?page_id=40&#038;add-to-cart=93\">Spr\u00f3buj ponownie<\/a>\n        <\/div>\n    <\/main>\n<\/div>\n\n","protected":false},"excerpt":{"rendered":"<p>Dzi\u0119kujemy Dzi\u0119kujemy za zakup Je\u015bli p\u0142atno\u015b\u0107 zosta\u0142a zako\u0144czona poprawnie, otrzymasz potwierdzenie i dost\u0119p na e-mail. Je\u015bli p\u0142atno\u015b\u0107 si\u0119 nie powiod\u0142a, spr\u00f3buj ponownie. Spr\u00f3buj ponownie<\/p>\n","protected":false},"author":1,"featured_media":0,"parent":0,"menu_order":0,"comment_status":"closed","ping_status":"closed","template":"","meta":{"footnotes":""},"class_list":["post-111","page","type-page","status-publish","hentry"],"mb":[],"mfb_rest_fields":["title"],"_links":{"self":[{"href":"https:\/\/aiesencjalista.pl\/index.php?rest_route=\/wp\/v2\/pages\/111","targetHints":{"allow":["GET"]}}],"collection":[{"href":"https:\/\/aiesencjalista.pl\/index.php?rest_route=\/wp\/v2\/pages"}],"about":[{"href":"https:\/\/aiesencjalista.pl\/index.php?rest_route=\/wp\/v2\/types\/page"}],"author":[{"embeddable":true,"href":"https:\/\/aiesencjalista.pl\/index.php?rest_route=\/wp\/v2\/users\/1"}],"replies":[{"embeddable":true,"href":"https:\/\/aiesencjalista.pl\/index.php?rest_route=%2Fwp%2Fv2%2Fcomments&post=111"}],"version-history":[{"count":3,"href":"https:\/\/aiesencjalista.pl\/index.php?rest_route=\/wp\/v2\/pages\/111\/revisions"}],"predecessor-version":[{"id":119,"href":"https:\/\/aiesencjalista.pl\/index.php?rest_route=\/wp\/v2\/pages\/111\/revisions\/119"}],"wp:attachment":[{"href":"https:\/\/aiesencjalista.pl\/index.php?rest_route=%2Fwp%2Fv2%2Fmedia&parent=111"}],"curies":[{"name":"wp","href":"https:\/\/api.w.org\/{rel}","templated":true}]}}